{"id":779,"date":"2023-12-16T05:17:19","date_gmt":"2023-12-16T08:17:19","guid":{"rendered":"https:\/\/agrofrio.com.uy\/?page_id=779"},"modified":"2025-10-20T07:27:11","modified_gmt":"2025-10-20T10:27:11","slug":"construccion-de-camaras-de-frio","status":"publish","type":"page","link":"https:\/\/agrofrio.com.uy\/?page_id=779","title":{"rendered":"Construcci\u00f3n de c\u00e1maras de frio"},"content":{"rendered":"\t\t<div data-elementor-type=\"wp-page\" data-elementor-id=\"779\" class=\"elementor elementor-779\">\n\t\t\t\t<div class=\"elementor-element elementor-element-53d0872 e-con-full e-flex e-con e-parent\" data-id=\"53d0872\" data-element_type=\"container\" data-e-type=\"container\">\n\t\t\t\t<div class=\"elementor-element elementor-element-2bb2348 elementor-widget elementor-widget-image\" data-id=\"2bb2348\" data-element_type=\"widget\" data-e-type=\"widget\" data-widget_type=\"image.default\">\n\t\t\t\t<div class=\"elementor-widget-container\">\n\t\t\t\t\t\t\t\t\t\t\t\t\t\t\t<img fetchpriority=\"high\" decoding=\"async\" width=\"1920\" height=\"800\" src=\"https:\/\/agrofrio.com.uy\/wp-content\/uploads\/2024\/01\/Portada-8.webp\" class=\"attachment-full size-full wp-image-1207\" alt=\"\" srcset=\"https:\/\/agrofrio.com.uy\/wp-content\/uploads\/2024\/01\/Portada-8.webp 1920w, https:\/\/agrofrio.com.uy\/wp-content\/uploads\/2024\/01\/Portada-8-300x125.webp 300w, https:\/\/agrofrio.com.uy\/wp-content\/uploads\/2024\/01\/Portada-8-1024x427.webp 1024w, https:\/\/agrofrio.com.uy\/wp-content\/uploads\/2024\/01\/Portada-8-768x320.webp 768w, https:\/\/agrofrio.com.uy\/wp-content\/uploads\/2024\/01\/Portada-8-1536x640.webp 1536w\" sizes=\"(max-width: 1920px) 100vw, 1920px\" title=\"\">\t\t\t\t\t\t\t\t\t\t\t\t\t\t\t<\/div>\n\t\t\t\t<\/div>\n\t\t\t\t<div class=\"elementor-element elementor-element-7e0cce0 elementor-widget elementor-widget-heading\" data-id=\"7e0cce0\" data-element_type=\"widget\" data-e-type=\"widget\" data-widget_type=\"heading.default\">\n\t\t\t\t<div class=\"elementor-widget-container\">\n\t\t\t\t\t<h2 class=\"elementor-heading-title elementor-size-default\">Construcci\u00f3n de C\u00e1maras de Fr\u00edo\n<\/h2>\t\t\t\t<\/div>\n\t\t\t\t<\/div>\n\t\t\t\t<div class=\"elementor-element elementor-element-1128688 elementor-widget elementor-widget-heading\" data-id=\"1128688\" data-element_type=\"widget\" data-e-type=\"widget\" data-widget_type=\"heading.default\">\n\t\t\t\t<div class=\"elementor-widget-container\">\n\t\t\t\t\t<h4 class=\"elementor-heading-title elementor-size-default\">Aportamos asesoramiento en gesti\u00f3n de financiamiento y aprobaci\u00f3n bancaria de proyecto (Leasing)<\/h4>\t\t\t\t<\/div>\n\t\t\t\t<\/div>\n\t\t\t\t<div class=\"elementor-element elementor-element-bc2d595 elementor-widget elementor-widget-heading\" data-id=\"bc2d595\" data-element_type=\"widget\" data-e-type=\"widget\" data-widget_type=\"heading.default\">\n\t\t\t\t<div class=\"elementor-widget-container\">\n\t\t\t\t\t<h4 class=\"elementor-heading-title elementor-size-default\">Presupuesto sin costos<\/h4>\t\t\t\t<\/div>\n\t\t\t\t<\/div>\n\t\t\t\t<div class=\"elementor-element elementor-element-8ef7e97 elementor-widget elementor-widget-heading\" data-id=\"8ef7e97\" data-element_type=\"widget\" data-e-type=\"widget\" data-widget_type=\"heading.default\">\n\t\t\t\t<div class=\"elementor-widget-container\">\n\t\t\t\t\t<h4 class=\"elementor-heading-title elementor-size-default\">Comun\u00edcate con nosotros, \u00a1Estamos para ayudarte!<\/h4>\t\t\t\t<\/div>\n\t\t\t\t<\/div>\n\t\t\t\t<div class=\"elementor-element elementor-element-7d3bab0 elementor-widget__width-initial elementor-widget-mobile__width-initial elementor-widget elementor-widget-text-editor\" data-id=\"7d3bab0\" data-element_type=\"widget\" data-e-type=\"widget\" data-widget_type=\"text-editor.default\">\n\t\t\t\t<div class=\"elementor-widget-container\">\n\t\t\t\t\t\t\t\t\t<p><strong>099183610 &#8211; 4345 3401<\/strong><\/p>\t\t\t\t\t\t\t\t<\/div>\n\t\t\t\t<\/div>\n\t\t\t\t<\/div>\n\t\t<div class=\"elementor-element elementor-element-3a2716d e-flex e-con-boxed e-con e-parent\" data-id=\"3a2716d\" data-element_type=\"container\" data-e-type=\"container\" data-settings=\"{&quot;background_background&quot;:&quot;classic&quot;}\">\n\t\t\t\t\t<div class=\"e-con-inner\">\n\t\t\t\t<div class=\"elementor-element elementor-element-eefea65 elementor-widget elementor-widget-heading\" data-id=\"eefea65\" data-element_type=\"widget\" data-e-type=\"widget\" data-widget_type=\"heading.default\">\n\t\t\t\t<div class=\"elementor-widget-container\">\n\t\t\t\t\t<p class=\"elementor-heading-title elementor-size-default\">Ingenier\u00eda aplicada con tecnolog\u00edas inteligentes de \u00faltima generaci\u00f3n.  Un servicio profesional destinado a garantizar la efieciencia y rentabilidad de la producci\u00f3n.\n<\/p>\t\t\t\t<\/div>\n\t\t\t\t<\/div>\n\t\t\t\t<div class=\"elementor-element elementor-element-4413654 elementor-widget elementor-widget-heading\" data-id=\"4413654\" data-element_type=\"widget\" data-e-type=\"widget\" data-widget_type=\"heading.default\">\n\t\t\t\t<div class=\"elementor-widget-container\">\n\t\t\t\t\t<p class=\"elementor-heading-title elementor-size-default\">PROYECTOS A MEDIDA - GESTI\u00d3N INTEGRAL DE OBRAS\n\n<\/p>\t\t\t\t<\/div>\n\t\t\t\t<\/div>\n\t\t\t\t<div class=\"elementor-element elementor-element-9311ece elementor-widget elementor-widget-heading\" data-id=\"9311ece\" data-element_type=\"widget\" data-e-type=\"widget\" data-widget_type=\"heading.default\">\n\t\t\t\t<div class=\"elementor-widget-container\">\n\t\t\t\t\t<h2 class=\"elementor-heading-title elementor-size-default\">Proyectos Realizados<\/h2>\t\t\t\t<\/div>\n\t\t\t\t<\/div>\n\t\t\t\t\t<\/div>\n\t\t\t\t<\/div>\n\t\t<div class=\"elementor-element elementor-element-74ed1df e-flex e-con-boxed e-con e-parent\" data-id=\"74ed1df\" data-element_type=\"container\" data-e-type=\"container\" data-settings=\"{&quot;background_background&quot;:&quot;classic&quot;}\">\n\t\t\t\t\t<div class=\"e-con-inner\">\n\t\t<div class=\"elementor-element elementor-element-cf9d49a e-con-full e-flex e-con e-child\" data-id=\"cf9d49a\" data-element_type=\"container\" data-e-type=\"container\">\n\t\t\t\t<div class=\"elementor-element elementor-element-aeb7daa elementor-widget elementor-widget-image-carousel\" data-id=\"aeb7daa\" data-element_type=\"widget\" data-e-type=\"widget\" data-settings=\"{&quot;slides_to_show&quot;:&quot;1&quot;,&quot;navigation&quot;:&quot;none&quot;,&quot;autoplay_speed&quot;:500,&quot;effect&quot;:&quot;fade&quot;,&quot;speed&quot;:2000,&quot;autoplay&quot;:&quot;yes&quot;,&quot;pause_on_hover&quot;:&quot;yes&quot;,&quot;pause_on_interaction&quot;:&quot;yes&quot;,&quot;infinite&quot;:&quot;yes&quot;}\" data-widget_type=\"image-carousel.default\">\n\t\t\t\t<div class=\"elementor-widget-container\">\n\t\t\t\t\t\t\t<div class=\"elementor-image-carousel-wrapper swiper\" role=\"region\" aria-roledescription=\"carousel\" aria-label=\"Carrusel de im\u00e1genes\" dir=\"ltr\">\n\t\t\t<div class=\"elementor-image-carousel swiper-wrapper\" aria-live=\"off\">\n\t\t\t\t\t\t\t\t<div class=\"swiper-slide\" role=\"group\" aria-roledescription=\"slide\" aria-label=\"1 de 19\"><a data-elementor-open-lightbox=\"yes\" data-elementor-lightbox-slideshow=\"aeb7daa\" data-elementor-lightbox-title=\"Camara Canelones 3\" data-e-action-hash=\"#elementor-action%3Aaction%3Dlightbox%26settings%3DeyJpZCI6MTEwOCwidXJsIjoiaHR0cHM6XC9cL2Fncm9mcmlvLmNvbS51eVwvd3AtY29udGVudFwvdXBsb2Fkc1wvMjAyNFwvMDFcL0NhbWFyYS1DYW5lbG9uZXMtMy53ZWJwIiwic2xpZGVzaG93IjoiYWViN2RhYSJ9\" href=\"https:\/\/agrofrio.com.uy\/wp-content\/uploads\/2024\/01\/Camara-Canelones-3.webp\"><figure class=\"swiper-slide-inner\"><img decoding=\"async\" class=\"swiper-slide-image\" src=\"https:\/\/agrofrio.com.uy\/wp-content\/uploads\/2024\/01\/Camara-Canelones-3.webp\" alt=\"Camara Canelones 3\" title=\"\"><\/figure><\/a><\/div><div class=\"swiper-slide\" role=\"group\" aria-roledescription=\"slide\" aria-label=\"2 de 19\"><a data-elementor-open-lightbox=\"yes\" data-elementor-lightbox-slideshow=\"aeb7daa\" data-elementor-lightbox-title=\"Camara Canelones 2\" data-e-action-hash=\"#elementor-action%3Aaction%3Dlightbox%26settings%3DeyJpZCI6MTEwNywidXJsIjoiaHR0cHM6XC9cL2Fncm9mcmlvLmNvbS51eVwvd3AtY29udGVudFwvdXBsb2Fkc1wvMjAyNFwvMDFcL0NhbWFyYS1DYW5lbG9uZXMtMi53ZWJwIiwic2xpZGVzaG93IjoiYWViN2RhYSJ9\" href=\"https:\/\/agrofrio.com.uy\/wp-content\/uploads\/2024\/01\/Camara-Canelones-2.webp\"><figure class=\"swiper-slide-inner\"><img decoding=\"async\" class=\"swiper-slide-image\" src=\"https:\/\/agrofrio.com.uy\/wp-content\/uploads\/2024\/01\/Camara-Canelones-2.webp\" alt=\"Camara Canelones 2\" title=\"\"><\/figure><\/a><\/div><div class=\"swiper-slide\" role=\"group\" aria-roledescription=\"slide\" aria-label=\"3 de 19\"><a data-elementor-open-lightbox=\"yes\" data-elementor-lightbox-slideshow=\"aeb7daa\" data-elementor-lightbox-title=\"Camara Canelones 1\" data-e-action-hash=\"#elementor-action%3Aaction%3Dlightbox%26settings%3DeyJpZCI6MTEwNiwidXJsIjoiaHR0cHM6XC9cL2Fncm9mcmlvLmNvbS51eVwvd3AtY29udGVudFwvdXBsb2Fkc1wvMjAyNFwvMDFcL0NhbWFyYS1DYW5lbG9uZXMtMS53ZWJwIiwic2xpZGVzaG93IjoiYWViN2RhYSJ9\" href=\"https:\/\/agrofrio.com.uy\/wp-content\/uploads\/2024\/01\/Camara-Canelones-1.webp\"><figure class=\"swiper-slide-inner\"><img decoding=\"async\" class=\"swiper-slide-image\" src=\"https:\/\/agrofrio.com.uy\/wp-content\/uploads\/2024\/01\/Camara-Canelones-1.webp\" alt=\"Camara Canelones 1\" title=\"\"><\/figure><\/a><\/div><div class=\"swiper-slide\" role=\"group\" aria-roledescription=\"slide\" aria-label=\"4 de 19\"><a data-elementor-open-lightbox=\"yes\" data-elementor-lightbox-slideshow=\"aeb7daa\" data-elementor-lightbox-title=\"Camara Colonia Wilson 10\" data-e-action-hash=\"#elementor-action%3Aaction%3Dlightbox%26settings%3DeyJpZCI6MTA5OSwidXJsIjoiaHR0cHM6XC9cL2Fncm9mcmlvLmNvbS51eVwvd3AtY29udGVudFwvdXBsb2Fkc1wvMjAyNFwvMDFcL0NhbWFyYS1Db2xvbmlhLVdpbHNvbi0xMC53ZWJwIiwic2xpZGVzaG93IjoiYWViN2RhYSJ9\" href=\"https:\/\/agrofrio.com.uy\/wp-content\/uploads\/2024\/01\/Camara-Colonia-Wilson-10.webp\"><figure class=\"swiper-slide-inner\"><img decoding=\"async\" class=\"swiper-slide-image\" src=\"https:\/\/agrofrio.com.uy\/wp-content\/uploads\/2024\/01\/Camara-Colonia-Wilson-10.webp\" alt=\"Camara Colonia Wilson 10\" title=\"\"><\/figure><\/a><\/div><div class=\"swiper-slide\" role=\"group\" aria-roledescription=\"slide\" aria-label=\"5 de 19\"><a data-elementor-open-lightbox=\"yes\" data-elementor-lightbox-slideshow=\"aeb7daa\" data-elementor-lightbox-title=\"Camara Colonia Wilson 08\" data-e-action-hash=\"#elementor-action%3Aaction%3Dlightbox%26settings%3DeyJpZCI6MTA5NiwidXJsIjoiaHR0cHM6XC9cL2Fncm9mcmlvLmNvbS51eVwvd3AtY29udGVudFwvdXBsb2Fkc1wvMjAyNFwvMDFcL0NhbWFyYS1Db2xvbmlhLVdpbHNvbi0wOC53ZWJwIiwic2xpZGVzaG93IjoiYWViN2RhYSJ9\" href=\"https:\/\/agrofrio.com.uy\/wp-content\/uploads\/2024\/01\/Camara-Colonia-Wilson-08.webp\"><figure class=\"swiper-slide-inner\"><img decoding=\"async\" class=\"swiper-slide-image\" src=\"https:\/\/agrofrio.com.uy\/wp-content\/uploads\/2024\/01\/Camara-Colonia-Wilson-08.webp\" alt=\"Camara Colonia Wilson 08\" title=\"\"><\/figure><\/a><\/div><div class=\"swiper-slide\" role=\"group\" aria-roledescription=\"slide\" aria-label=\"6 de 19\"><a data-elementor-open-lightbox=\"yes\" data-elementor-lightbox-slideshow=\"aeb7daa\" data-elementor-lightbox-title=\"Camara Colonia Wilson 07\" data-e-action-hash=\"#elementor-action%3Aaction%3Dlightbox%26settings%3DeyJpZCI6MTA5NSwidXJsIjoiaHR0cHM6XC9cL2Fncm9mcmlvLmNvbS51eVwvd3AtY29udGVudFwvdXBsb2Fkc1wvMjAyNFwvMDFcL0NhbWFyYS1Db2xvbmlhLVdpbHNvbi0wNy53ZWJwIiwic2xpZGVzaG93IjoiYWViN2RhYSJ9\" href=\"https:\/\/agrofrio.com.uy\/wp-content\/uploads\/2024\/01\/Camara-Colonia-Wilson-07.webp\"><figure class=\"swiper-slide-inner\"><img decoding=\"async\" class=\"swiper-slide-image\" src=\"https:\/\/agrofrio.com.uy\/wp-content\/uploads\/2024\/01\/Camara-Colonia-Wilson-07.webp\" alt=\"Camara Colonia Wilson 07\" title=\"\"><\/figure><\/a><\/div><div class=\"swiper-slide\" role=\"group\" aria-roledescription=\"slide\" aria-label=\"7 de 19\"><a data-elementor-open-lightbox=\"yes\" data-elementor-lightbox-slideshow=\"aeb7daa\" data-elementor-lightbox-title=\"Camara Colonia Wilson 06\" data-e-action-hash=\"#elementor-action%3Aaction%3Dlightbox%26settings%3DeyJpZCI6MTA5NCwidXJsIjoiaHR0cHM6XC9cL2Fncm9mcmlvLmNvbS51eVwvd3AtY29udGVudFwvdXBsb2Fkc1wvMjAyNFwvMDFcL0NhbWFyYS1Db2xvbmlhLVdpbHNvbi0wNi53ZWJwIiwic2xpZGVzaG93IjoiYWViN2RhYSJ9\" href=\"https:\/\/agrofrio.com.uy\/wp-content\/uploads\/2024\/01\/Camara-Colonia-Wilson-06.webp\"><figure class=\"swiper-slide-inner\"><img decoding=\"async\" class=\"swiper-slide-image\" src=\"https:\/\/agrofrio.com.uy\/wp-content\/uploads\/2024\/01\/Camara-Colonia-Wilson-06.webp\" alt=\"Camara Colonia Wilson 06\" title=\"\"><\/figure><\/a><\/div><div class=\"swiper-slide\" role=\"group\" aria-roledescription=\"slide\" aria-label=\"8 de 19\"><a data-elementor-open-lightbox=\"yes\" data-elementor-lightbox-slideshow=\"aeb7daa\" data-elementor-lightbox-title=\"Camara Colonia Wilson 05\" data-e-action-hash=\"#elementor-action%3Aaction%3Dlightbox%26settings%3DeyJpZCI6MTA5MywidXJsIjoiaHR0cHM6XC9cL2Fncm9mcmlvLmNvbS51eVwvd3AtY29udGVudFwvdXBsb2Fkc1wvMjAyNFwvMDFcL0NhbWFyYS1Db2xvbmlhLVdpbHNvbi0wNS53ZWJwIiwic2xpZGVzaG93IjoiYWViN2RhYSJ9\" href=\"https:\/\/agrofrio.com.uy\/wp-content\/uploads\/2024\/01\/Camara-Colonia-Wilson-05.webp\"><figure class=\"swiper-slide-inner\"><img decoding=\"async\" class=\"swiper-slide-image\" src=\"https:\/\/agrofrio.com.uy\/wp-content\/uploads\/2024\/01\/Camara-Colonia-Wilson-05.webp\" alt=\"Camara Colonia Wilson 05\" title=\"\"><\/figure><\/a><\/div><div class=\"swiper-slide\" role=\"group\" aria-roledescription=\"slide\" aria-label=\"9 de 19\"><a data-elementor-open-lightbox=\"yes\" data-elementor-lightbox-slideshow=\"aeb7daa\" data-elementor-lightbox-title=\"Camara Colonia Wilson 04\" data-e-action-hash=\"#elementor-action%3Aaction%3Dlightbox%26settings%3DeyJpZCI6MTA5MiwidXJsIjoiaHR0cHM6XC9cL2Fncm9mcmlvLmNvbS51eVwvd3AtY29udGVudFwvdXBsb2Fkc1wvMjAyNFwvMDFcL0NhbWFyYS1Db2xvbmlhLVdpbHNvbi0wNC53ZWJwIiwic2xpZGVzaG93IjoiYWViN2RhYSJ9\" href=\"https:\/\/agrofrio.com.uy\/wp-content\/uploads\/2024\/01\/Camara-Colonia-Wilson-04.webp\"><figure class=\"swiper-slide-inner\"><img decoding=\"async\" class=\"swiper-slide-image\" src=\"https:\/\/agrofrio.com.uy\/wp-content\/uploads\/2024\/01\/Camara-Colonia-Wilson-04.webp\" alt=\"Camara Colonia Wilson 04\" title=\"\"><\/figure><\/a><\/div><div class=\"swiper-slide\" role=\"group\" aria-roledescription=\"slide\" aria-label=\"10 de 19\"><a data-elementor-open-lightbox=\"yes\" data-elementor-lightbox-slideshow=\"aeb7daa\" data-elementor-lightbox-title=\"Camara Colonia Wilson 02\" data-e-action-hash=\"#elementor-action%3Aaction%3Dlightbox%26settings%3DeyJpZCI6MTA5MSwidXJsIjoiaHR0cHM6XC9cL2Fncm9mcmlvLmNvbS51eVwvd3AtY29udGVudFwvdXBsb2Fkc1wvMjAyNFwvMDFcL0NhbWFyYS1Db2xvbmlhLVdpbHNvbi0wMi53ZWJwIiwic2xpZGVzaG93IjoiYWViN2RhYSJ9\" href=\"https:\/\/agrofrio.com.uy\/wp-content\/uploads\/2024\/01\/Camara-Colonia-Wilson-02.webp\"><figure class=\"swiper-slide-inner\"><img decoding=\"async\" class=\"swiper-slide-image\" src=\"https:\/\/agrofrio.com.uy\/wp-content\/uploads\/2024\/01\/Camara-Colonia-Wilson-02.webp\" alt=\"Camara Colonia Wilson 02\" title=\"\"><\/figure><\/a><\/div><div class=\"swiper-slide\" role=\"group\" aria-roledescription=\"slide\" aria-label=\"11 de 19\"><a data-elementor-open-lightbox=\"yes\" data-elementor-lightbox-slideshow=\"aeb7daa\" data-elementor-lightbox-title=\"Camara Libertad 07\" data-e-action-hash=\"#elementor-action%3Aaction%3Dlightbox%26settings%3DeyJpZCI6MTA4OSwidXJsIjoiaHR0cHM6XC9cL2Fncm9mcmlvLmNvbS51eVwvd3AtY29udGVudFwvdXBsb2Fkc1wvMjAyNFwvMDFcL0NhbWFyYS1MaWJlcnRhZC0wNy53ZWJwIiwic2xpZGVzaG93IjoiYWViN2RhYSJ9\" href=\"https:\/\/agrofrio.com.uy\/wp-content\/uploads\/2024\/01\/Camara-Libertad-07.webp\"><figure class=\"swiper-slide-inner\"><img decoding=\"async\" class=\"swiper-slide-image\" src=\"https:\/\/agrofrio.com.uy\/wp-content\/uploads\/2024\/01\/Camara-Libertad-07.webp\" alt=\"Camara Libertad 07\" title=\"\"><\/figure><\/a><\/div><div class=\"swiper-slide\" role=\"group\" aria-roledescription=\"slide\" aria-label=\"12 de 19\"><a data-elementor-open-lightbox=\"yes\" data-elementor-lightbox-slideshow=\"aeb7daa\" data-elementor-lightbox-title=\"Camara Libertad 06\" data-e-action-hash=\"#elementor-action%3Aaction%3Dlightbox%26settings%3DeyJpZCI6MTA4OCwidXJsIjoiaHR0cHM6XC9cL2Fncm9mcmlvLmNvbS51eVwvd3AtY29udGVudFwvdXBsb2Fkc1wvMjAyNFwvMDFcL0NhbWFyYS1MaWJlcnRhZC0wNi53ZWJwIiwic2xpZGVzaG93IjoiYWViN2RhYSJ9\" href=\"https:\/\/agrofrio.com.uy\/wp-content\/uploads\/2024\/01\/Camara-Libertad-06.webp\"><figure class=\"swiper-slide-inner\"><img decoding=\"async\" class=\"swiper-slide-image\" src=\"https:\/\/agrofrio.com.uy\/wp-content\/uploads\/2024\/01\/Camara-Libertad-06.webp\" alt=\"Camara Libertad 06\" title=\"\"><\/figure><\/a><\/div><div class=\"swiper-slide\" role=\"group\" aria-roledescription=\"slide\" aria-label=\"13 de 19\"><a data-elementor-open-lightbox=\"yes\" data-elementor-lightbox-slideshow=\"aeb7daa\" data-elementor-lightbox-title=\"Camara Libertad 05\" data-e-action-hash=\"#elementor-action%3Aaction%3Dlightbox%26settings%3DeyJpZCI6MTA4NywidXJsIjoiaHR0cHM6XC9cL2Fncm9mcmlvLmNvbS51eVwvd3AtY29udGVudFwvdXBsb2Fkc1wvMjAyNFwvMDFcL0NhbWFyYS1MaWJlcnRhZC0wNS53ZWJwIiwic2xpZGVzaG93IjoiYWViN2RhYSJ9\" href=\"https:\/\/agrofrio.com.uy\/wp-content\/uploads\/2024\/01\/Camara-Libertad-05.webp\"><figure class=\"swiper-slide-inner\"><img decoding=\"async\" class=\"swiper-slide-image\" src=\"https:\/\/agrofrio.com.uy\/wp-content\/uploads\/2024\/01\/Camara-Libertad-05.webp\" alt=\"Camara Libertad 05\" title=\"\"><\/figure><\/a><\/div><div class=\"swiper-slide\" role=\"group\" aria-roledescription=\"slide\" aria-label=\"14 de 19\"><a data-elementor-open-lightbox=\"yes\" data-elementor-lightbox-slideshow=\"aeb7daa\" data-elementor-lightbox-title=\"Camara Libertad 03\" data-e-action-hash=\"#elementor-action%3Aaction%3Dlightbox%26settings%3DeyJpZCI6MTA4NSwidXJsIjoiaHR0cHM6XC9cL2Fncm9mcmlvLmNvbS51eVwvd3AtY29udGVudFwvdXBsb2Fkc1wvMjAyNFwvMDFcL0NhbWFyYS1MaWJlcnRhZC0wMy53ZWJwIiwic2xpZGVzaG93IjoiYWViN2RhYSJ9\" href=\"https:\/\/agrofrio.com.uy\/wp-content\/uploads\/2024\/01\/Camara-Libertad-03.webp\"><figure class=\"swiper-slide-inner\"><img decoding=\"async\" class=\"swiper-slide-image\" src=\"https:\/\/agrofrio.com.uy\/wp-content\/uploads\/2024\/01\/Camara-Libertad-03.webp\" alt=\"Camara Libertad 03\" title=\"\"><\/figure><\/a><\/div><div class=\"swiper-slide\" role=\"group\" aria-roledescription=\"slide\" aria-label=\"15 de 19\"><a data-elementor-open-lightbox=\"yes\" data-elementor-lightbox-slideshow=\"aeb7daa\" data-elementor-lightbox-title=\"Camara Libertad 04\" data-e-action-hash=\"#elementor-action%3Aaction%3Dlightbox%26settings%3DeyJpZCI6MTA4NiwidXJsIjoiaHR0cHM6XC9cL2Fncm9mcmlvLmNvbS51eVwvd3AtY29udGVudFwvdXBsb2Fkc1wvMjAyNFwvMDFcL0NhbWFyYS1MaWJlcnRhZC0wNC53ZWJwIiwic2xpZGVzaG93IjoiYWViN2RhYSJ9\" href=\"https:\/\/agrofrio.com.uy\/wp-content\/uploads\/2024\/01\/Camara-Libertad-04.webp\"><figure class=\"swiper-slide-inner\"><img decoding=\"async\" class=\"swiper-slide-image\" src=\"https:\/\/agrofrio.com.uy\/wp-content\/uploads\/2024\/01\/Camara-Libertad-04.webp\" alt=\"Camara Libertad 04\" title=\"\"><\/figure><\/a><\/div><div class=\"swiper-slide\" role=\"group\" aria-roledescription=\"slide\" aria-label=\"16 de 19\"><a data-elementor-open-lightbox=\"yes\" data-elementor-lightbox-slideshow=\"aeb7daa\" data-elementor-lightbox-title=\"Camara Libertad 02\" data-e-action-hash=\"#elementor-action%3Aaction%3Dlightbox%26settings%3DeyJpZCI6MTA4NCwidXJsIjoiaHR0cHM6XC9cL2Fncm9mcmlvLmNvbS51eVwvd3AtY29udGVudFwvdXBsb2Fkc1wvMjAyNFwvMDFcL0NhbWFyYS1MaWJlcnRhZC0wMi53ZWJwIiwic2xpZGVzaG93IjoiYWViN2RhYSJ9\" href=\"https:\/\/agrofrio.com.uy\/wp-content\/uploads\/2024\/01\/Camara-Libertad-02.webp\"><figure class=\"swiper-slide-inner\"><img decoding=\"async\" class=\"swiper-slide-image\" src=\"https:\/\/agrofrio.com.uy\/wp-content\/uploads\/2024\/01\/Camara-Libertad-02.webp\" alt=\"Camara Libertad 02\" title=\"\"><\/figure><\/a><\/div><div class=\"swiper-slide\" role=\"group\" aria-roledescription=\"slide\" aria-label=\"17 de 19\"><a data-elementor-open-lightbox=\"yes\" data-elementor-lightbox-slideshow=\"aeb7daa\" data-elementor-lightbox-title=\"Camara Kiyu 4\" data-e-action-hash=\"#elementor-action%3Aaction%3Dlightbox%26settings%3DeyJpZCI6MTA3MCwidXJsIjoiaHR0cHM6XC9cL2Fncm9mcmlvLmNvbS51eVwvd3AtY29udGVudFwvdXBsb2Fkc1wvMjAyNFwvMDFcL0NhbWFyYS1LaXl1LTQud2VicCIsInNsaWRlc2hvdyI6ImFlYjdkYWEifQ%3D%3D\" href=\"https:\/\/agrofrio.com.uy\/wp-content\/uploads\/2024\/01\/Camara-Kiyu-4.webp\"><figure class=\"swiper-slide-inner\"><img decoding=\"async\" class=\"swiper-slide-image\" src=\"https:\/\/agrofrio.com.uy\/wp-content\/uploads\/2024\/01\/Camara-Kiyu-4.webp\" alt=\"Camara Kiyu 4\" title=\"\"><\/figure><\/a><\/div><div class=\"swiper-slide\" role=\"group\" aria-roledescription=\"slide\" aria-label=\"18 de 19\"><a data-elementor-open-lightbox=\"yes\" data-elementor-lightbox-slideshow=\"aeb7daa\" data-elementor-lightbox-title=\"Camara Kiyu 3\" data-e-action-hash=\"#elementor-action%3Aaction%3Dlightbox%26settings%3DeyJpZCI6MTA2OSwidXJsIjoiaHR0cHM6XC9cL2Fncm9mcmlvLmNvbS51eVwvd3AtY29udGVudFwvdXBsb2Fkc1wvMjAyNFwvMDFcL0NhbWFyYS1LaXl1LTMud2VicCIsInNsaWRlc2hvdyI6ImFlYjdkYWEifQ%3D%3D\" href=\"https:\/\/agrofrio.com.uy\/wp-content\/uploads\/2024\/01\/Camara-Kiyu-3.webp\"><figure class=\"swiper-slide-inner\"><img decoding=\"async\" class=\"swiper-slide-image\" src=\"https:\/\/agrofrio.com.uy\/wp-content\/uploads\/2024\/01\/Camara-Kiyu-3.webp\" alt=\"Camara Kiyu 3\" title=\"\"><\/figure><\/a><\/div><div class=\"swiper-slide\" role=\"group\" aria-roledescription=\"slide\" aria-label=\"19 de 19\"><a data-elementor-open-lightbox=\"yes\" data-elementor-lightbox-slideshow=\"aeb7daa\" data-elementor-lightbox-title=\"Camara Kiyu 1\" data-e-action-hash=\"#elementor-action%3Aaction%3Dlightbox%26settings%3DeyJpZCI6MTA2OCwidXJsIjoiaHR0cHM6XC9cL2Fncm9mcmlvLmNvbS51eVwvd3AtY29udGVudFwvdXBsb2Fkc1wvMjAyNFwvMDFcL0NhbWFyYS1LaXl1LTEud2VicCIsInNsaWRlc2hvdyI6ImFlYjdkYWEifQ%3D%3D\" href=\"https:\/\/agrofrio.com.uy\/wp-content\/uploads\/2024\/01\/Camara-Kiyu-1.webp\"><figure class=\"swiper-slide-inner\"><img decoding=\"async\" class=\"swiper-slide-image\" src=\"https:\/\/agrofrio.com.uy\/wp-content\/uploads\/2024\/01\/Camara-Kiyu-1.webp\" alt=\"Camara Kiyu 1\" title=\"\"><\/figure><\/a><\/div>\t\t\t<\/div>\n\t\t\t\t\t\t\t\n\t\t\t\t\t\t\t\t\t<\/div>\n\t\t\t\t\t\t<\/div>\n\t\t\t\t<\/div>\n\t\t\t\t<\/div>\n\t\t\t\t\t<\/div>\n\t\t\t\t<\/div>\n\t\t\t\t<\/div>\n\t\t","protected":false},"excerpt":{"rendered":"<p>Construcci\u00f3n de C\u00e1maras de Fr\u00edo Aportamos asesoramiento en gesti\u00f3n de financiamiento y aprobaci\u00f3n bancaria de proyecto (Leasing) Presupuesto sin costos Comun\u00edcate con nosotros, \u00a1Estamos para ayudarte! 099183610 &#8211; 4345 3401 Ingenier\u00eda aplicada con tecnolog\u00edas inteligentes de \u00faltima generaci\u00f3n. Un servicio profesional destinado a garantizar la efieciencia y rentabilidad de la producci\u00f3n. PROYECTOS A MEDIDA &#8211; [&hellip;]<\/p>\n","protected":false},"author":1,"featured_media":0,"parent":0,"menu_order":0,"comment_status":"closed","ping_status":"closed","template":"","meta":{"site-sidebar-layout":"no-sidebar","site-content-layout":"page-builder","ast-site-content-layout":"full-width-container","site-content-style":"default","site-sidebar-style":"default","ast-global-header-display":"","ast-banner-title-visibility":"","ast-main-header-display":"","ast-hfb-above-header-display":"","ast-hfb-below-header-display":"","ast-hfb-mobile-header-display":"","site-post-title":"disabled","ast-breadcrumbs-content":"","ast-featured-img":"disabled","footer-sml-layout":"","ast-disable-related-posts":"","theme-transparent-header-meta":"","adv-header-id-meta":"","stick-header-meta":"","header-above-stick-meta":"","header-main-stick-meta":"","header-below-stick-meta":"","astra-migrate-meta-layouts":"set","ast-page-background-enabled":"default","ast-page-background-meta":{"desktop":{"background-color":"","background-image":"","background-repeat":"repeat","background-position":"center center","background-size":"auto","background-attachment":"scroll","background-type":"","background-media":"","overlay-type":"","overlay-color":"","overlay-opacity":"","overlay-gradient":""},"tablet":{"background-color":"","background-image":"","background-repeat":"repeat","background-position":"center center","background-size":"auto","background-attachment":"scroll","background-type":"","background-media":"","overlay-type":"","overlay-color":"","overlay-opacity":"","overlay-gradient":""},"mobile":{"background-color":"","background-image":"","background-repeat":"repeat","background-position":"center center","background-size":"auto","background-attachment":"scroll","background-type":"","background-media":"","overlay-type":"","overlay-color":"","overlay-opacity":"","overlay-gradient":""}},"ast-content-background-meta":{"desktop":{"background-color":"var(--ast-global-color-5)","background-image":"","background-repeat":"repeat","background-position":"center center","background-size":"auto","background-attachment":"scroll","background-type":"","background-media":"","overlay-type":"","overlay-color":"","overlay-opacity":"","overlay-gradient":""},"tablet":{"background-color":"var(--ast-global-color-5)","background-image":"","background-repeat":"repeat","background-position":"center center","background-size":"auto","background-attachment":"scroll","background-type":"","background-media":"","overlay-type":"","overlay-color":"","overlay-opacity":"","overlay-gradient":""},"mobile":{"background-color":"var(--ast-global-color-5)","background-image":"","background-repeat":"repeat","background-position":"center center","background-size":"auto","background-attachment":"scroll","background-type":"","background-media":"","overlay-type":"","overlay-color":"","overlay-opacity":"","overlay-gradient":""}},"footnotes":""},"class_list":["post-779","page","type-page","status-publish","hentry"],"_links":{"self":[{"href":"https:\/\/agrofrio.com.uy\/index.php?rest_route=\/wp\/v2\/pages\/779","targetHints":{"allow":["GET"]}}],"collection":[{"href":"https:\/\/agrofrio.com.uy\/index.php?rest_route=\/wp\/v2\/pages"}],"about":[{"href":"https:\/\/agrofrio.com.uy\/index.php?rest_route=\/wp\/v2\/types\/page"}],"author":[{"embeddable":true,"href":"https:\/\/agrofrio.com.uy\/index.php?rest_route=\/wp\/v2\/users\/1"}],"replies":[{"embeddable":true,"href":"https:\/\/agrofrio.com.uy\/index.php?rest_route=%2Fwp%2Fv2%2Fcomments&post=779"}],"version-history":[{"count":87,"href":"https:\/\/agrofrio.com.uy\/index.php?rest_route=\/wp\/v2\/pages\/779\/revisions"}],"predecessor-version":[{"id":1416,"href":"https:\/\/agrofrio.com.uy\/index.php?rest_route=\/wp\/v2\/pages\/779\/revisions\/1416"}],"wp:attachment":[{"href":"https:\/\/agrofrio.com.uy\/index.php?rest_route=%2Fwp%2Fv2%2Fmedia&parent=779"}],"curies":[{"name":"wp","href":"https:\/\/api.w.org\/{rel}","templated":true}]}}