{"id":773,"date":"2023-12-16T05:13:32","date_gmt":"2023-12-16T08:13:32","guid":{"rendered":"https:\/\/agrofrio.com.uy\/?page_id=773"},"modified":"2025-10-20T09:20:57","modified_gmt":"2025-10-20T12:20:57","slug":"venta-e-instalacion-de-aire-acondicionado","status":"publish","type":"page","link":"https:\/\/agrofrio.com.uy\/?page_id=773","title":{"rendered":"Venta e instalaci\u00f3n de aire acondicionado"},"content":{"rendered":"\t\t<div data-elementor-type=\"wp-page\" data-elementor-id=\"773\" class=\"elementor elementor-773\">\n\t\t\t\t<div class=\"elementor-element elementor-element-ecfe3eb e-con-full e-flex e-con e-parent\" data-id=\"ecfe3eb\" data-element_type=\"container\" data-e-type=\"container\">\n\t\t\t\t<div class=\"elementor-element elementor-element-98249fb elementor-widget elementor-widget-image\" data-id=\"98249fb\" data-element_type=\"widget\" data-e-type=\"widget\" data-widget_type=\"image.default\">\n\t\t\t\t<div class=\"elementor-widget-container\">\n\t\t\t\t\t\t\t\t\t\t\t\t\t\t\t<img fetchpriority=\"high\" decoding=\"async\" width=\"1620\" height=\"1080\" src=\"https:\/\/agrofrio.com.uy\/wp-content\/uploads\/2023\/12\/Camara-Canelones-1-1.webp\" class=\"attachment-full size-full wp-image-828\" alt=\"\" srcset=\"https:\/\/agrofrio.com.uy\/wp-content\/uploads\/2023\/12\/Camara-Canelones-1-1.webp 1620w, https:\/\/agrofrio.com.uy\/wp-content\/uploads\/2023\/12\/Camara-Canelones-1-1-300x200.webp 300w, https:\/\/agrofrio.com.uy\/wp-content\/uploads\/2023\/12\/Camara-Canelones-1-1-1024x683.webp 1024w, https:\/\/agrofrio.com.uy\/wp-content\/uploads\/2023\/12\/Camara-Canelones-1-1-768x512.webp 768w, https:\/\/agrofrio.com.uy\/wp-content\/uploads\/2023\/12\/Camara-Canelones-1-1-1536x1024.webp 1536w\" sizes=\"(max-width: 1620px) 100vw, 1620px\" title=\"\">\t\t\t\t\t\t\t\t\t\t\t\t\t\t\t<\/div>\n\t\t\t\t<\/div>\n\t\t\t\t<div class=\"elementor-element elementor-element-5107062 elementor-widget elementor-widget-heading\" data-id=\"5107062\" data-element_type=\"widget\" data-e-type=\"widget\" data-widget_type=\"heading.default\">\n\t\t\t\t<div class=\"elementor-widget-container\">\n\t\t\t\t\t<h2 class=\"elementor-heading-title elementor-size-default\">Venta e Instalaci\u00f3n de Aire Acondicionado<\/h2>\t\t\t\t<\/div>\n\t\t\t\t<\/div>\n\t\t\t\t<div class=\"elementor-element elementor-element-15ff428 elementor-widget elementor-widget-heading\" data-id=\"15ff428\" data-element_type=\"widget\" data-e-type=\"widget\" data-widget_type=\"heading.default\">\n\t\t\t\t<div class=\"elementor-widget-container\">\n\t\t\t\t\t<h4 class=\"elementor-heading-title elementor-size-default\">2 A\u00d1OS DE GARANT\u00cdA DIRECTA<\/h4>\t\t\t\t<\/div>\n\t\t\t\t<\/div>\n\t\t\t\t<\/div>\n\t\t<div class=\"elementor-element elementor-element-e03fb12 e-flex e-con-boxed e-con e-parent\" data-id=\"e03fb12\" data-element_type=\"container\" data-e-type=\"container\">\n\t\t\t\t\t<div class=\"e-con-inner\">\n\t\t<div class=\"elementor-element elementor-element-7baa219 e-con-full e-flex e-con e-child\" data-id=\"7baa219\" data-element_type=\"container\" data-e-type=\"container\">\n\t\t\t\t<div class=\"elementor-element elementor-element-633a19d elementor-widget elementor-widget-image\" data-id=\"633a19d\" data-element_type=\"widget\" data-e-type=\"widget\" data-widget_type=\"image.default\">\n\t\t\t\t<div class=\"elementor-widget-container\">\n\t\t\t\t\t\t\t\t\t\t\t\t\t\t\t<img decoding=\"async\" width=\"313\" height=\"313\" src=\"https:\/\/agrofrio.com.uy\/wp-content\/uploads\/2023\/12\/6.png\" class=\"attachment-large size-large wp-image-918\" alt=\"\" srcset=\"https:\/\/agrofrio.com.uy\/wp-content\/uploads\/2023\/12\/6.png 313w, https:\/\/agrofrio.com.uy\/wp-content\/uploads\/2023\/12\/6-300x300.png 300w, https:\/\/agrofrio.com.uy\/wp-content\/uploads\/2023\/12\/6-150x150.png 150w\" sizes=\"(max-width: 313px) 100vw, 313px\" title=\"\">\t\t\t\t\t\t\t\t\t\t\t\t\t\t\t<\/div>\n\t\t\t\t<\/div>\n\t\t\t\t<\/div>\n\t\t<div class=\"elementor-element elementor-element-46e199b e-con-full e-flex e-con e-child\" data-id=\"46e199b\" data-element_type=\"container\" data-e-type=\"container\">\n\t\t\t\t<div class=\"elementor-element elementor-element-84df599 elementor-widget elementor-widget-image\" data-id=\"84df599\" data-element_type=\"widget\" data-e-type=\"widget\" data-widget_type=\"image.default\">\n\t\t\t\t<div class=\"elementor-widget-container\">\n\t\t\t\t\t\t\t\t\t\t\t\t\t\t\t<img decoding=\"async\" width=\"313\" height=\"313\" src=\"https:\/\/agrofrio.com.uy\/wp-content\/uploads\/2023\/12\/7.png\" class=\"attachment-large size-large wp-image-919\" alt=\"\" srcset=\"https:\/\/agrofrio.com.uy\/wp-content\/uploads\/2023\/12\/7.png 313w, https:\/\/agrofrio.com.uy\/wp-content\/uploads\/2023\/12\/7-300x300.png 300w, https:\/\/agrofrio.com.uy\/wp-content\/uploads\/2023\/12\/7-150x150.png 150w\" sizes=\"(max-width: 313px) 100vw, 313px\" title=\"\">\t\t\t\t\t\t\t\t\t\t\t\t\t\t\t<\/div>\n\t\t\t\t<\/div>\n\t\t\t\t<\/div>\n\t\t<div class=\"elementor-element elementor-element-ee5f39a e-con-full e-flex e-con e-child\" data-id=\"ee5f39a\" data-element_type=\"container\" data-e-type=\"container\">\n\t\t\t\t<div class=\"elementor-element elementor-element-b15b254 elementor-widget elementor-widget-image\" data-id=\"b15b254\" data-element_type=\"widget\" data-e-type=\"widget\" data-widget_type=\"image.default\">\n\t\t\t\t<div class=\"elementor-widget-container\">\n\t\t\t\t\t\t\t\t\t\t\t\t\t\t\t<img loading=\"lazy\" decoding=\"async\" width=\"313\" height=\"313\" src=\"https:\/\/agrofrio.com.uy\/wp-content\/uploads\/2023\/12\/8.png\" class=\"attachment-large size-large wp-image-920\" alt=\"\" srcset=\"https:\/\/agrofrio.com.uy\/wp-content\/uploads\/2023\/12\/8.png 313w, https:\/\/agrofrio.com.uy\/wp-content\/uploads\/2023\/12\/8-300x300.png 300w, https:\/\/agrofrio.com.uy\/wp-content\/uploads\/2023\/12\/8-150x150.png 150w\" sizes=\"(max-width: 313px) 100vw, 313px\" title=\"\">\t\t\t\t\t\t\t\t\t\t\t\t\t\t\t<\/div>\n\t\t\t\t<\/div>\n\t\t\t\t<\/div>\n\t\t<div class=\"elementor-element elementor-element-ff4016a e-con-full e-flex e-con e-child\" data-id=\"ff4016a\" data-element_type=\"container\" data-e-type=\"container\">\n\t\t\t\t<div class=\"elementor-element elementor-element-8c419bd elementor-widget elementor-widget-image\" data-id=\"8c419bd\" data-element_type=\"widget\" data-e-type=\"widget\" data-widget_type=\"image.default\">\n\t\t\t\t<div class=\"elementor-widget-container\">\n\t\t\t\t\t\t\t\t\t\t\t\t\t\t\t<img loading=\"lazy\" decoding=\"async\" width=\"313\" height=\"313\" src=\"https:\/\/agrofrio.com.uy\/wp-content\/uploads\/2023\/12\/9.png\" class=\"attachment-large size-large wp-image-921\" alt=\"\" srcset=\"https:\/\/agrofrio.com.uy\/wp-content\/uploads\/2023\/12\/9.png 313w, https:\/\/agrofrio.com.uy\/wp-content\/uploads\/2023\/12\/9-300x300.png 300w, https:\/\/agrofrio.com.uy\/wp-content\/uploads\/2023\/12\/9-150x150.png 150w\" sizes=\"(max-width: 313px) 100vw, 313px\" title=\"\">\t\t\t\t\t\t\t\t\t\t\t\t\t\t\t<\/div>\n\t\t\t\t<\/div>\n\t\t\t\t<\/div>\n\t\t\t\t\t<\/div>\n\t\t\t\t<\/div>\n\t\t<div class=\"elementor-element elementor-element-724da9c e-flex e-con-boxed e-con e-parent\" data-id=\"724da9c\" data-element_type=\"container\" data-e-type=\"container\" data-settings=\"{&quot;background_background&quot;:&quot;classic&quot;}\">\n\t\t\t\t\t<div class=\"e-con-inner\">\n\t\t\t\t<div class=\"elementor-element elementor-element-a2ddf23 elementor-widget elementor-widget-heading\" data-id=\"a2ddf23\" data-element_type=\"widget\" data-e-type=\"widget\" data-widget_type=\"heading.default\">\n\t\t\t\t<div class=\"elementor-widget-container\">\n\t\t\t\t\t<p class=\"elementor-heading-title elementor-size-default\">Ofrecemos la evaluaci\u00f3n t\u00e9cnica que te asegura el EQUIPO m\u00e1s eficiente, ajustado con exactitud a las demandas de cada espacio y  las necesidades particulares de cada clientes.\n\n\n<\/p>\t\t\t\t<\/div>\n\t\t\t\t<\/div>\n\t\t\t\t<div class=\"elementor-element elementor-element-34db923 elementor-widget elementor-widget-heading\" data-id=\"34db923\" data-element_type=\"widget\" data-e-type=\"widget\" data-widget_type=\"heading.default\">\n\t\t\t\t<div class=\"elementor-widget-container\">\n\t\t\t\t\t<h4 class=\"elementor-heading-title elementor-size-default\">VENTA (MULTIMARCAS) - INSTALACI\u00d3N - MANTENIMIENTO - SERVICIO T\u00c9CNICO<\/h4>\t\t\t\t<\/div>\n\t\t\t\t<\/div>\n\t\t\t\t<div class=\"elementor-element elementor-element-2bd14f6 elementor-widget elementor-widget-heading\" data-id=\"2bd14f6\" data-element_type=\"widget\" data-e-type=\"widget\" data-widget_type=\"heading.default\">\n\t\t\t\t<div class=\"elementor-widget-container\">\n\t\t\t\t\t<h2 class=\"elementor-heading-title elementor-size-default\">Trabajamos para Todo el Pa\u00eds<\/h2>\t\t\t\t<\/div>\n\t\t\t\t<\/div>\n\t\t\t\t\t<\/div>\n\t\t\t\t<\/div>\n\t\t<div class=\"elementor-element elementor-element-7e5c00d e-flex e-con-boxed e-con e-parent\" data-id=\"7e5c00d\" data-element_type=\"container\" data-e-type=\"container\" data-settings=\"{&quot;background_background&quot;:&quot;classic&quot;}\">\n\t\t\t\t\t<div class=\"e-con-inner\">\n\t\t\t\t<div class=\"elementor-element elementor-element-6fd6305 gallery-spacing-custom elementor-widget elementor-widget-image-gallery\" data-id=\"6fd6305\" data-element_type=\"widget\" data-e-type=\"widget\" data-widget_type=\"image-gallery.default\">\n\t\t\t\t<div class=\"elementor-widget-container\">\n\t\t\t\t\t\t\t<div class=\"elementor-image-gallery\">\n\t\t\t<div id='gallery-1' class='gallery galleryid-773 gallery-columns-4 gallery-size-full'><figure class='gallery-item'>\n\t\t\t<div class='gallery-icon landscape'>\n\t\t\t\t<a data-elementor-open-lightbox=\"yes\" data-elementor-lightbox-slideshow=\"6fd6305\" data-elementor-lightbox-title=\"34\" data-e-action-hash=\"#elementor-action%3Aaction%3Dlightbox%26settings%3DeyJpZCI6MTE1NywidXJsIjoiaHR0cHM6XC9cL2Fncm9mcmlvLmNvbS51eVwvd3AtY29udGVudFwvdXBsb2Fkc1wvMjAyNFwvMDFcLzM0LndlYnAiLCJzbGlkZXNob3ciOiI2ZmQ2MzA1In0%3D\" href='https:\/\/agrofrio.com.uy\/wp-content\/uploads\/2024\/01\/34.webp'><img loading=\"lazy\" decoding=\"async\" width=\"1200\" height=\"800\" src=\"https:\/\/agrofrio.com.uy\/wp-content\/uploads\/2024\/01\/34.webp\" class=\"attachment-full size-full\" alt=\"\" srcset=\"https:\/\/agrofrio.com.uy\/wp-content\/uploads\/2024\/01\/34.webp 1200w, https:\/\/agrofrio.com.uy\/wp-content\/uploads\/2024\/01\/34-300x200.webp 300w, https:\/\/agrofrio.com.uy\/wp-content\/uploads\/2024\/01\/34-1024x683.webp 1024w, https:\/\/agrofrio.com.uy\/wp-content\/uploads\/2024\/01\/34-768x512.webp 768w\" sizes=\"(max-width: 1200px) 100vw, 1200px\" title=\"\"><\/a>\n\t\t\t<\/div><\/figure><figure class='gallery-item'>\n\t\t\t<div class='gallery-icon landscape'>\n\t\t\t\t<a data-elementor-open-lightbox=\"yes\" data-elementor-lightbox-slideshow=\"6fd6305\" data-elementor-lightbox-title=\"32\" data-e-action-hash=\"#elementor-action%3Aaction%3Dlightbox%26settings%3DeyJpZCI6MTE1NSwidXJsIjoiaHR0cHM6XC9cL2Fncm9mcmlvLmNvbS51eVwvd3AtY29udGVudFwvdXBsb2Fkc1wvMjAyNFwvMDFcLzMyLndlYnAiLCJzbGlkZXNob3ciOiI2ZmQ2MzA1In0%3D\" href='https:\/\/agrofrio.com.uy\/wp-content\/uploads\/2024\/01\/32.webp'><img loading=\"lazy\" decoding=\"async\" width=\"1200\" height=\"800\" src=\"https:\/\/agrofrio.com.uy\/wp-content\/uploads\/2024\/01\/32.webp\" class=\"attachment-full size-full\" alt=\"\" srcset=\"https:\/\/agrofrio.com.uy\/wp-content\/uploads\/2024\/01\/32.webp 1200w, https:\/\/agrofrio.com.uy\/wp-content\/uploads\/2024\/01\/32-300x200.webp 300w, https:\/\/agrofrio.com.uy\/wp-content\/uploads\/2024\/01\/32-1024x683.webp 1024w, https:\/\/agrofrio.com.uy\/wp-content\/uploads\/2024\/01\/32-768x512.webp 768w\" sizes=\"(max-width: 1200px) 100vw, 1200px\" title=\"\"><\/a>\n\t\t\t<\/div><\/figure><figure class='gallery-item'>\n\t\t\t<div class='gallery-icon landscape'>\n\t\t\t\t<a data-elementor-open-lightbox=\"yes\" data-elementor-lightbox-slideshow=\"6fd6305\" data-elementor-lightbox-title=\"33\" data-e-action-hash=\"#elementor-action%3Aaction%3Dlightbox%26settings%3DeyJpZCI6MTE1NiwidXJsIjoiaHR0cHM6XC9cL2Fncm9mcmlvLmNvbS51eVwvd3AtY29udGVudFwvdXBsb2Fkc1wvMjAyNFwvMDFcLzMzLndlYnAiLCJzbGlkZXNob3ciOiI2ZmQ2MzA1In0%3D\" href='https:\/\/agrofrio.com.uy\/wp-content\/uploads\/2024\/01\/33.webp'><img loading=\"lazy\" decoding=\"async\" width=\"1200\" height=\"800\" src=\"https:\/\/agrofrio.com.uy\/wp-content\/uploads\/2024\/01\/33.webp\" class=\"attachment-full size-full\" alt=\"\" srcset=\"https:\/\/agrofrio.com.uy\/wp-content\/uploads\/2024\/01\/33.webp 1200w, https:\/\/agrofrio.com.uy\/wp-content\/uploads\/2024\/01\/33-300x200.webp 300w, https:\/\/agrofrio.com.uy\/wp-content\/uploads\/2024\/01\/33-1024x683.webp 1024w, https:\/\/agrofrio.com.uy\/wp-content\/uploads\/2024\/01\/33-768x512.webp 768w\" sizes=\"(max-width: 1200px) 100vw, 1200px\" title=\"\"><\/a>\n\t\t\t<\/div><\/figure><figure class='gallery-item'>\n\t\t\t<div class='gallery-icon landscape'>\n\t\t\t\t<a data-elementor-open-lightbox=\"yes\" data-elementor-lightbox-slideshow=\"6fd6305\" data-elementor-lightbox-title=\"35\" data-e-action-hash=\"#elementor-action%3Aaction%3Dlightbox%26settings%3DeyJpZCI6MTE1OCwidXJsIjoiaHR0cHM6XC9cL2Fncm9mcmlvLmNvbS51eVwvd3AtY29udGVudFwvdXBsb2Fkc1wvMjAyNFwvMDFcLzM1LndlYnAiLCJzbGlkZXNob3ciOiI2ZmQ2MzA1In0%3D\" href='https:\/\/agrofrio.com.uy\/wp-content\/uploads\/2024\/01\/35.webp'><img loading=\"lazy\" decoding=\"async\" width=\"1200\" height=\"800\" src=\"https:\/\/agrofrio.com.uy\/wp-content\/uploads\/2024\/01\/35.webp\" class=\"attachment-full size-full\" alt=\"\" srcset=\"https:\/\/agrofrio.com.uy\/wp-content\/uploads\/2024\/01\/35.webp 1200w, https:\/\/agrofrio.com.uy\/wp-content\/uploads\/2024\/01\/35-300x200.webp 300w, https:\/\/agrofrio.com.uy\/wp-content\/uploads\/2024\/01\/35-1024x683.webp 1024w, https:\/\/agrofrio.com.uy\/wp-content\/uploads\/2024\/01\/35-768x512.webp 768w\" sizes=\"(max-width: 1200px) 100vw, 1200px\" title=\"\"><\/a>\n\t\t\t<\/div><\/figure><figure class='gallery-item'>\n\t\t\t<div class='gallery-icon landscape'>\n\t\t\t\t<a data-elementor-open-lightbox=\"yes\" data-elementor-lightbox-slideshow=\"6fd6305\" data-elementor-lightbox-title=\"36\" data-e-action-hash=\"#elementor-action%3Aaction%3Dlightbox%26settings%3DeyJpZCI6MTE1OSwidXJsIjoiaHR0cHM6XC9cL2Fncm9mcmlvLmNvbS51eVwvd3AtY29udGVudFwvdXBsb2Fkc1wvMjAyNFwvMDFcLzM2LndlYnAiLCJzbGlkZXNob3ciOiI2ZmQ2MzA1In0%3D\" href='https:\/\/agrofrio.com.uy\/wp-content\/uploads\/2024\/01\/36.webp'><img loading=\"lazy\" decoding=\"async\" width=\"1200\" height=\"800\" src=\"https:\/\/agrofrio.com.uy\/wp-content\/uploads\/2024\/01\/36.webp\" class=\"attachment-full size-full\" alt=\"\" srcset=\"https:\/\/agrofrio.com.uy\/wp-content\/uploads\/2024\/01\/36.webp 1200w, https:\/\/agrofrio.com.uy\/wp-content\/uploads\/2024\/01\/36-300x200.webp 300w, https:\/\/agrofrio.com.uy\/wp-content\/uploads\/2024\/01\/36-1024x683.webp 1024w, https:\/\/agrofrio.com.uy\/wp-content\/uploads\/2024\/01\/36-768x512.webp 768w\" sizes=\"(max-width: 1200px) 100vw, 1200px\" title=\"\"><\/a>\n\t\t\t<\/div><\/figure><figure class='gallery-item'>\n\t\t\t<div class='gallery-icon landscape'>\n\t\t\t\t<a data-elementor-open-lightbox=\"yes\" data-elementor-lightbox-slideshow=\"6fd6305\" data-elementor-lightbox-title=\"37\" data-e-action-hash=\"#elementor-action%3Aaction%3Dlightbox%26settings%3DeyJpZCI6MTE2MCwidXJsIjoiaHR0cHM6XC9cL2Fncm9mcmlvLmNvbS51eVwvd3AtY29udGVudFwvdXBsb2Fkc1wvMjAyNFwvMDFcLzM3LndlYnAiLCJzbGlkZXNob3ciOiI2ZmQ2MzA1In0%3D\" href='https:\/\/agrofrio.com.uy\/wp-content\/uploads\/2024\/01\/37.webp'><img loading=\"lazy\" decoding=\"async\" width=\"1200\" height=\"800\" src=\"https:\/\/agrofrio.com.uy\/wp-content\/uploads\/2024\/01\/37.webp\" class=\"attachment-full size-full\" alt=\"\" srcset=\"https:\/\/agrofrio.com.uy\/wp-content\/uploads\/2024\/01\/37.webp 1200w, https:\/\/agrofrio.com.uy\/wp-content\/uploads\/2024\/01\/37-300x200.webp 300w, https:\/\/agrofrio.com.uy\/wp-content\/uploads\/2024\/01\/37-1024x683.webp 1024w, https:\/\/agrofrio.com.uy\/wp-content\/uploads\/2024\/01\/37-768x512.webp 768w\" sizes=\"(max-width: 1200px) 100vw, 1200px\" title=\"\"><\/a>\n\t\t\t<\/div><\/figure><figure class='gallery-item'>\n\t\t\t<div class='gallery-icon landscape'>\n\t\t\t\t<a data-elementor-open-lightbox=\"yes\" data-elementor-lightbox-slideshow=\"6fd6305\" data-elementor-lightbox-title=\"38\" data-e-action-hash=\"#elementor-action%3Aaction%3Dlightbox%26settings%3DeyJpZCI6MTE2MSwidXJsIjoiaHR0cHM6XC9cL2Fncm9mcmlvLmNvbS51eVwvd3AtY29udGVudFwvdXBsb2Fkc1wvMjAyNFwvMDFcLzM4LndlYnAiLCJzbGlkZXNob3ciOiI2ZmQ2MzA1In0%3D\" href='https:\/\/agrofrio.com.uy\/wp-content\/uploads\/2024\/01\/38.webp'><img loading=\"lazy\" decoding=\"async\" width=\"1200\" height=\"800\" src=\"https:\/\/agrofrio.com.uy\/wp-content\/uploads\/2024\/01\/38.webp\" class=\"attachment-full size-full\" alt=\"\" srcset=\"https:\/\/agrofrio.com.uy\/wp-content\/uploads\/2024\/01\/38.webp 1200w, https:\/\/agrofrio.com.uy\/wp-content\/uploads\/2024\/01\/38-300x200.webp 300w, https:\/\/agrofrio.com.uy\/wp-content\/uploads\/2024\/01\/38-1024x683.webp 1024w, https:\/\/agrofrio.com.uy\/wp-content\/uploads\/2024\/01\/38-768x512.webp 768w\" sizes=\"(max-width: 1200px) 100vw, 1200px\" title=\"\"><\/a>\n\t\t\t<\/div><\/figure><figure class='gallery-item'>\n\t\t\t<div class='gallery-icon landscape'>\n\t\t\t\t<a data-elementor-open-lightbox=\"yes\" data-elementor-lightbox-slideshow=\"6fd6305\" data-elementor-lightbox-title=\"39\" data-e-action-hash=\"#elementor-action%3Aaction%3Dlightbox%26settings%3DeyJpZCI6MTE2MiwidXJsIjoiaHR0cHM6XC9cL2Fncm9mcmlvLmNvbS51eVwvd3AtY29udGVudFwvdXBsb2Fkc1wvMjAyNFwvMDFcLzM5LndlYnAiLCJzbGlkZXNob3ciOiI2ZmQ2MzA1In0%3D\" href='https:\/\/agrofrio.com.uy\/wp-content\/uploads\/2024\/01\/39.webp'><img loading=\"lazy\" decoding=\"async\" width=\"1200\" height=\"800\" src=\"https:\/\/agrofrio.com.uy\/wp-content\/uploads\/2024\/01\/39.webp\" class=\"attachment-full size-full\" alt=\"\" srcset=\"https:\/\/agrofrio.com.uy\/wp-content\/uploads\/2024\/01\/39.webp 1200w, https:\/\/agrofrio.com.uy\/wp-content\/uploads\/2024\/01\/39-300x200.webp 300w, https:\/\/agrofrio.com.uy\/wp-content\/uploads\/2024\/01\/39-1024x683.webp 1024w, https:\/\/agrofrio.com.uy\/wp-content\/uploads\/2024\/01\/39-768x512.webp 768w\" sizes=\"(max-width: 1200px) 100vw, 1200px\" title=\"\"><\/a>\n\t\t\t<\/div><\/figure>\n\t\t<\/div>\n\t\t<\/div>\n\t\t\t\t\t\t<\/div>\n\t\t\t\t<\/div>\n\t\t\t\t\t<\/div>\n\t\t\t\t<\/div>\n\t\t\t\t<\/div>\n\t\t","protected":false},"excerpt":{"rendered":"<p>Venta e Instalaci\u00f3n de Aire Acondicionado 2 A\u00d1OS DE GARANT\u00cdA DIRECTA Ofrecemos la evaluaci\u00f3n t\u00e9cnica que te asegura el EQUIPO m\u00e1s eficiente, ajustado con exactitud a las demandas de cada espacio y las necesidades particulares de cada clientes. VENTA (MULTIMARCAS) &#8211; INSTALACI\u00d3N &#8211; MANTENIMIENTO &#8211; SERVICIO T\u00c9CNICO Trabajamos para Todo el Pa\u00eds<\/p>\n","protected":false},"author":1,"featured_media":0,"parent":0,"menu_order":0,"comment_status":"closed","ping_status":"closed","template":"","meta":{"site-sidebar-layout":"no-sidebar","site-content-layout":"page-builder","ast-site-content-layout":"full-width-container","site-content-style":"default","site-sidebar-style":"default","ast-global-header-display":"","ast-banner-title-visibility":"","ast-main-header-display":"","ast-hfb-above-header-display":"","ast-hfb-below-header-display":"","ast-hfb-mobile-header-display":"","site-post-title":"disabled","ast-breadcrumbs-content":"","ast-featured-img":"disabled","footer-sml-layout":"","ast-disable-related-posts":"","theme-transparent-header-meta":"","adv-header-id-meta":"","stick-header-meta":"","header-above-stick-meta":"","header-main-stick-meta":"","header-below-stick-meta":"","astra-migrate-meta-layouts":"set","ast-page-background-enabled":"default","ast-page-background-meta":{"desktop":{"background-color":"","background-image":"","background-repeat":"repeat","background-position":"center center","background-size":"auto","background-attachment":"scroll","background-type":"","background-media":"","overlay-type":"","overlay-color":"","overlay-opacity":"","overlay-gradient":""},"tablet":{"background-color":"","background-image":"","background-repeat":"repeat","background-position":"center center","background-size":"auto","background-attachment":"scroll","background-type":"","background-media":"","overlay-type":"","overlay-color":"","overlay-opacity":"","overlay-gradient":""},"mobile":{"background-color":"","background-image":"","background-repeat":"repeat","background-position":"center center","background-size":"auto","background-attachment":"scroll","background-type":"","background-media":"","overlay-type":"","overlay-color":"","overlay-opacity":"","overlay-gradient":""}},"ast-content-background-meta":{"desktop":{"background-color":"var(--ast-global-color-5)","background-image":"","background-repeat":"repeat","background-position":"center center","background-size":"auto","background-attachment":"scroll","background-type":"","background-media":"","overlay-type":"","overlay-color":"","overlay-opacity":"","overlay-gradient":""},"tablet":{"background-color":"var(--ast-global-color-5)","background-image":"","background-repeat":"repeat","background-position":"center center","background-size":"auto","background-attachment":"scroll","background-type":"","background-media":"","overlay-type":"","overlay-color":"","overlay-opacity":"","overlay-gradient":""},"mobile":{"background-color":"var(--ast-global-color-5)","background-image":"","background-repeat":"repeat","background-position":"center center","background-size":"auto","background-attachment":"scroll","background-type":"","background-media":"","overlay-type":"","overlay-color":"","overlay-opacity":"","overlay-gradient":""}},"footnotes":""},"class_list":["post-773","page","type-page","status-publish","hentry"],"_links":{"self":[{"href":"https:\/\/agrofrio.com.uy\/index.php?rest_route=\/wp\/v2\/pages\/773","targetHints":{"allow":["GET"]}}],"collection":[{"href":"https:\/\/agrofrio.com.uy\/index.php?rest_route=\/wp\/v2\/pages"}],"about":[{"href":"https:\/\/agrofrio.com.uy\/index.php?rest_route=\/wp\/v2\/types\/page"}],"author":[{"embeddable":true,"href":"https:\/\/agrofrio.com.uy\/index.php?rest_route=\/wp\/v2\/users\/1"}],"replies":[{"embeddable":true,"href":"https:\/\/agrofrio.com.uy\/index.php?rest_route=%2Fwp%2Fv2%2Fcomments&post=773"}],"version-history":[{"count":41,"href":"https:\/\/agrofrio.com.uy\/index.php?rest_route=\/wp\/v2\/pages\/773\/revisions"}],"predecessor-version":[{"id":1427,"href":"https:\/\/agrofrio.com.uy\/index.php?rest_route=\/wp\/v2\/pages\/773\/revisions\/1427"}],"wp:attachment":[{"href":"https:\/\/agrofrio.com.uy\/index.php?rest_route=%2Fwp%2Fv2%2Fmedia&parent=773"}],"curies":[{"name":"wp","href":"https:\/\/api.w.org\/{rel}","templated":true}]}}